{"id":3515,"date":"2023-12-16T16:58:30","date_gmt":"2023-12-16T16:58:30","guid":{"rendered":"https:\/\/demopaly.myplaysat.biz\/index.php\/nuovo-pannello-iptv-copy\/"},"modified":"2023-12-16T16:58:30","modified_gmt":"2023-12-16T16:58:30","slug":"nuovo-pannello-iptv-copy","status":"publish","type":"page","link":"https:\/\/myplaysat.biz\/index.php\/nuovo-pannello-iptv-copy\/","title":{"rendered":"Pannelli IPTV + VOD Copy"},"content":{"rendered":"<div class=\"wpb-content-wrapper\"><p>[vc_row][vc_column width=&#8221;1\/6&#8243; offset=&#8221;vc_hidden-sm vc_hidden-xs&#8221;][\/vc_column][vc_column offset=&#8221;vc_col-lg-8 vc_col-md-8 vc_col-xs-12&#8243;]<div id=\"sc_title_1052036588\"\n\t\tclass=\"sc_title color_style_default sc_title_default custom_width_80per\"><h6 class=\"sc_item_subtitle sc_title_subtitle sc_align_center sc_item_title_style_default\"><span>diventa rivenditore e offri intrattenimento di alta qualit\u00e0<\/span><\/h6><h1 class=\"sc_item_title sc_title_title sc_align_center sc_item_title_style_default sc_item_title_tag\">Pannello IPTV all\u2019avanguardia<\/h1><\/div><!-- \/.sc_title -->[vc_empty_space height=&#8221;2.2em&#8221; alter_height=&#8221;none&#8221; hide_on_desktop=&#8221;&#8221; hide_on_notebook=&#8221;&#8221; hide_on_tablet=&#8221;&#8221; hide_on_mobile=&#8221;&#8221;][\/vc_column][vc_column width=&#8221;1\/6&#8243; offset=&#8221;vc_hidden-sm vc_hidden-xs&#8221;][\/vc_column][\/vc_row][vc_row full_width=&#8221;stretch_row&#8221; hide_bg_image_on_tablet=&#8221;&#8221; hide_bg_image_on_mobile=&#8221;&#8221; css=&#8221;.vc_custom_1510915815919{background-color: #f9f8f3 !important;}&#8221;][vc_column]<div  id=\"sc_price_2117323814\" \n\tclass=\"sc_price color_style_default sc_price_default\"><div class=\"sc_price_columns_wrap sc_item_columns trx_addons_columns_wrap columns_padding_bottom\"><div class=\"trx_addons_column-1_4\"><div class=\"sc_price_item sc_price_item_default\">\n\t\t\t<h6 class=\"sc_price_item_subtitle\"><span>NUOVO PANNELLO<\/span><\/h6><h3 class=\"sc_price_item_title\"><span>30 CREDITI TV + VOD<\/span><\/h3><div class=\"sc_price_item_info\"><div class=\"sc_price_item_description\"><span>+3000 Live Channels, Compatibile con tutti i dispositivi, +40000 Film Ondemand, 24\/7\/365 supporto, App Android, Visible tramite browser<\/span><\/div><div class=\"sc_price_item_price\"><span class=\"sc_price_item_price_value\">120 \u20ac<\/span><\/div><a href=\"https:\/\/playsat.whmcsmarket.net\/cart.php?gid=1\" class=\"sc_price_item_link sc_button\" target=\"_blank\">ACQUISTA<\/a><\/div><!-- \/.sc_price_item_info --><\/div><\/div><div class=\"trx_addons_column-1_4\"><div class=\"sc_price_item sc_price_item_default\">\n\t\t\t<h6 class=\"sc_price_item_subtitle\"><span>NUOVO PANNELLO<\/span><\/h6><h3 class=\"sc_price_item_title\"><span>50 CREDITI TV + VOD<\/span><\/h3><div class=\"sc_price_item_info\"><div class=\"sc_price_item_description\"><span>+3000 Live Channels, Compatibile con tutti i dispositivi, +40000 Film Ondemand, 24\/7\/365 supporto, App Android, Visible tramite browser<\/span><\/div><div class=\"sc_price_item_price\"><span class=\"sc_price_item_price_value\">175 \u20ac<\/span><\/div><a href=\"https:\/\/playsat.whmcsmarket.net\/cart.php?gid=1\" class=\"sc_price_item_link sc_button\" target=\"_blank\">ACQUISTA<\/a><\/div><!-- \/.sc_price_item_info --><\/div><\/div><div class=\"trx_addons_column-1_4\"><div class=\"sc_price_item sc_price_item_default\">\n\t\t\t<h6 class=\"sc_price_item_subtitle\"><span>NUOVO PANNELLO<\/span><\/h6><h3 class=\"sc_price_item_title\"><span>100 CREDITI TV + VOD<\/span><\/h3><div class=\"sc_price_item_info\"><div class=\"sc_price_item_description\"><span>+3000 Live Channels, Compatibile con tutti i dispositivi, +40000 Film Ondemand, 24\/7\/365 supporto, App Android, Visible tramite browser<\/span><\/div><div class=\"sc_price_item_price\"><span class=\"sc_price_item_price_value\">300 \u20ac<\/span><\/div><a href=\"https:\/\/playsat.whmcsmarket.net\/cart.php?gid=1\" class=\"sc_price_item_link sc_button\" target=\"_blank\">ACQUISTA<\/a><\/div><!-- \/.sc_price_item_info --><\/div><\/div><div class=\"trx_addons_column-1_4\"><div class=\"sc_price_item sc_price_item_default\">\n\t\t\t<h6 class=\"sc_price_item_subtitle\"><span>NUOVO PANNELLO<\/span><\/h6><h3 class=\"sc_price_item_title\"><span>200 CREDITI TV + VOD<\/span><\/h3><div class=\"sc_price_item_info\"><div class=\"sc_price_item_description\"><span>+3000 Live Channels, Compatibile con tutti i dispositivi, +40000 Film Ondemand, 24\/7\/365 supporto, App Android, Visible tramite browser<\/span><\/div><div class=\"sc_price_item_price\"><span class=\"sc_price_item_price_value\">580 \u20ac<\/span><\/div><a href=\"https:\/\/playsat.whmcsmarket.net\/cart.php?gid=1\" class=\"sc_price_item_link sc_button\" target=\"_blank\">ACQUISTA<\/a><\/div><!-- \/.sc_price_item_info --><\/div><\/div><\/div><\/div><!-- \/.sc_price -->[vc_empty_space height=&#8221;3.7em&#8221; alter_height=&#8221;none&#8221; hide_on_desktop=&#8221;&#8221; hide_on_notebook=&#8221;&#8221; hide_on_tablet=&#8221;1&#8243; hide_on_mobile=&#8221;1&#8243;][vc_empty_space height=&#8221;3.7em&#8221; alter_height=&#8221;none&#8221; hide_on_desktop=&#8221;&#8221; hide_on_notebook=&#8221;&#8221; hide_on_tablet=&#8221;&#8221; hide_on_mobile=&#8221;&#8221;][\/vc_column][\/vc_row][vc_row full_width=&#8221;stretch_row&#8221; hide_bg_image_on_tablet=&#8221;&#8221; hide_bg_image_on_mobile=&#8221;&#8221; css=&#8221;.vc_custom_1513088164740{background-color: #dc1091 !important;background-size: cover !important;}&#8221;][vc_column width=&#8221;5\/12&#8243;][vc_empty_space height=&#8221;4.35em&#8221; alter_height=&#8221;none&#8221; hide_on_desktop=&#8221;&#8221; hide_on_notebook=&#8221;&#8221; hide_on_tablet=&#8221;&#8221; hide_on_mobile=&#8221;&#8221;][vc_empty_space height=&#8221;4.35em&#8221; alter_height=&#8221;none&#8221; hide_on_desktop=&#8221;&#8221; hide_on_notebook=&#8221;&#8221; hide_on_tablet=&#8221;1&#8243; hide_on_mobile=&#8221;1&#8243;]<div id=\"sc_title_1401750092\"\n\t\tclass=\"sc_title color_style_default scheme_dark sc_title_default\"><h3 class=\"sc_item_title sc_title_title sc_align_left sc_item_title_style_default\">Nuovo Pannello IPTV<\/h3><\/div><!-- \/.sc_title -->[vc_empty_space height=&#8221;2.5em&#8221; alter_height=&#8221;none&#8221; hide_on_desktop=&#8221;&#8221; hide_on_notebook=&#8221;&#8221; hide_on_tablet=&#8221;&#8221; hide_on_mobile=&#8221;&#8221;][vc_column_text]<\/p>\n<p style=\"color: #ffffff\">presso Playsat, offriamo il miglior prezzo per i rivenditori IPTV, con un pannello IPTV estremamente facile da utilizzare. Inoltre, non hai bisogno di alcuna attrezzatura per diventare rivenditore IPTV. Puoi accedere al tuo pannello personale e attivare gli abbonamenti IPTV utilizzando il tuo smartphone o il tuo laptop. Lavorare nell\u2019industria IPTV \u00e8 molto semplice e flessibile, quando e dove preferisci. Pertanto, non \u00e8 necessario lasciare il tuo attuale lavoro. Offriamo canali TV in diretta e video on-demand in tutto il mondo.<\/p>\n<p style=\"color: #ffffff\">Siamo entusiasti di presentarvi il nostro ultimo servizio che rivoluzioner\u00e0 il vostro modo di guardare la televisione. Con il Nuovo Pannello IPTV, vivrete un\u2019esperienza di intrattenimento coinvolgente, con una vasta scelta di canali, funzionalit\u00e0 avanzate e una qualit\u00e0 video eccezionale. Lasciateci guidarvi attraverso i vantaggi unici del nostro servizio<\/p>\n<p>[\/vc_column_text][vc_empty_space height=&#8221;3em&#8221; alter_height=&#8221;none&#8221; hide_on_desktop=&#8221;&#8221; hide_on_notebook=&#8221;&#8221; hide_on_tablet=&#8221;&#8221; hide_on_mobile=&#8221;&#8221;]<a href=\"\/packages\/\" id=\"sc_button_253890039\" class=\"sc_button color_style_link3 sc_button_default sc_button_size_normal sc_button_icon_left\"><span class=\"sc_button_text\"><span class=\"sc_button_title\">Download the apps<\/span><\/span><!-- \/.sc_button_text --><\/a><!-- \/.sc_button -->[vc_empty_space height=&#8221;4.5em&#8221; alter_height=&#8221;none&#8221; hide_on_desktop=&#8221;&#8221; hide_on_notebook=&#8221;&#8221; hide_on_tablet=&#8221;&#8221; hide_on_mobile=&#8221;1&#8243;][vc_empty_space height=&#8221;4.5em&#8221; alter_height=&#8221;none&#8221; hide_on_desktop=&#8221;&#8221; hide_on_notebook=&#8221;&#8221; hide_on_tablet=&#8221;1&#8243; hide_on_mobile=&#8221;1&#8243;][\/vc_column][vc_column width=&#8221;7\/12&#8243;][vc_empty_space height=&#8221;3em&#8221; alter_height=&#8221;none&#8221; hide_on_desktop=&#8221;&#8221; hide_on_notebook=&#8221;&#8221; hide_on_tablet=&#8221;&#8221; hide_on_mobile=&#8221;&#8221;][vc_empty_space height=&#8221;3em&#8221; alter_height=&#8221;none&#8221; hide_on_desktop=&#8221;&#8221; hide_on_notebook=&#8221;&#8221; hide_on_tablet=&#8221;1&#8243; hide_on_mobile=&#8221;1&#8243;][vc_empty_space height=&#8221;3em&#8221; alter_height=&#8221;none&#8221; hide_on_desktop=&#8221;&#8221; hide_on_notebook=&#8221;&#8221; hide_on_tablet=&#8221;1&#8243; hide_on_mobile=&#8221;1&#8243;][vc_empty_space height=&#8221;3em&#8221; alter_height=&#8221;none&#8221; hide_on_desktop=&#8221;&#8221; hide_on_notebook=&#8221;&#8221; hide_on_tablet=&#8221;1&#8243; hide_on_mobile=&#8221;1&#8243;][vc_single_image image=&#8221;3450&#8243; img_size=&#8221;full&#8221;][vc_empty_space height=&#8221;3em&#8221; alter_height=&#8221;none&#8221; hide_on_desktop=&#8221;&#8221; hide_on_notebook=&#8221;&#8221; hide_on_tablet=&#8221;&#8221; hide_on_mobile=&#8221;&#8221;][vc_empty_space height=&#8221;3em&#8221; alter_height=&#8221;none&#8221; hide_on_desktop=&#8221;&#8221; hide_on_notebook=&#8221;&#8221; hide_on_tablet=&#8221;1&#8243; hide_on_mobile=&#8221;1&#8243;][\/vc_column][\/vc_row][vc_row full_width=&#8221;stretch_row&#8221; hide_bg_image_on_tablet=&#8221;&#8221; hide_bg_image_on_mobile=&#8221;&#8221;][vc_column][vc_empty_space height=&#8221;4.7em&#8221; alter_height=&#8221;none&#8221; hide_on_desktop=&#8221;&#8221; hide_on_notebook=&#8221;&#8221; hide_on_tablet=&#8221;&#8221; hide_on_mobile=&#8221;&#8221;][vc_empty_space height=&#8221;4.7em&#8221; alter_height=&#8221;none&#8221; hide_on_desktop=&#8221;&#8221; hide_on_notebook=&#8221;&#8221; hide_on_tablet=&#8221;1&#8243; hide_on_mobile=&#8221;1&#8243;][\/vc_column][\/vc_row][vc_row][vc_column width=&#8221;1\/2&#8243;][vc_empty_space height=&#8221;1.75em&#8221; alter_height=&#8221;none&#8221; hide_on_desktop=&#8221;&#8221; hide_on_notebook=&#8221;&#8221; hide_on_tablet=&#8221;1&#8243; hide_on_mobile=&#8221;1&#8243;]<div id=\"sc_title_2132343376\"\n\t\tclass=\"sc_title color_style_default sc_title_default\"><h6 class=\"sc_item_subtitle sc_title_subtitle sc_align_left sc_item_title_style_default\"><span>information<\/span><\/h6><h3 class=\"sc_item_title sc_title_title sc_align_left sc_item_title_style_default sc_item_title_tag\">Perch\u00e9 scegliere playat iptv?<\/h3><\/div><!-- \/.sc_title -->[vc_empty_space height=&#8221;2.2em&#8221; alter_height=&#8221;none&#8221; hide_on_desktop=&#8221;&#8221; hide_on_notebook=&#8221;&#8221; hide_on_tablet=&#8221;&#8221; hide_on_mobile=&#8221;&#8221;][vc_column_text]Siamo lieti di offrirti la nostra <strong>soluzione di pannello IPTV<\/strong> come rivenditore. Con il nostro servizio di <strong>pannello IPTV,<\/strong> puoi entrare nel mercato in espansione dell\u2019IPTV e guadagnare profitti significativi. Ecco perch\u00e9 dovresti scegliere il nostro servizio:<\/p>\n<p>Ampia selezione di contenuti: Il nostro pannello IPTV offre un\u2019ampia gamma di canali televisivi, film e serie TV in alta definizione. I tuoi clienti avranno accesso a una vasta scelta di contenuti per soddisfare le loro preferenze di intrattenimento.<\/p>\n<p>Flessibilit\u00e0 di gestione: Il nostro pannello ti offre un controllo completo sulla gestione dei tuoi abbonamenti IPTV. Puoi facilmente attivare, modificare e disattivare gli abbonamenti dei tuoi clienti attraverso un\u2019interfaccia intuitiva e user-friendly.<\/p>\n<p>[\/vc_column_text][vc_empty_space height=&#8221;3.2em&#8221; alter_height=&#8221;none&#8221; hide_on_desktop=&#8221;&#8221; hide_on_notebook=&#8221;&#8221; hide_on_tablet=&#8221;&#8221; hide_on_mobile=&#8221;&#8221;]<a href=\"\/our-features\/\" id=\"sc_button_330407902\" class=\"sc_button color_style_default sc_button_default sc_button_size_normal sc_button_icon_left\"><span class=\"sc_button_text\"><span class=\"sc_button_title\">More Details<\/span><\/span><!-- \/.sc_button_text --><\/a><!-- \/.sc_button -->[vc_empty_space height=&#8221;2em&#8221; alter_height=&#8221;none&#8221; hide_on_desktop=&#8221;&#8221; hide_on_notebook=&#8221;&#8221; hide_on_tablet=&#8221;&#8221; hide_on_mobile=&#8221;&#8221;][\/vc_column][vc_column width=&#8221;1\/2&#8243;][vc_column_text]Margini di profitto elevati: Come rivenditore, avrai la possibilit\u00e0 di impostare i prezzi dei tuoi abbonamenti IPTV e di guadagnare margini di profitto elevati. Offriamo prezzi competitivi per i rivenditori, consentendoti di massimizzare i tuoi guadagni.<\/p>\n<p>Supporto tecnico professionale: Siamo qui per te. Offriamo un supporto tecnico professionale per aiutarti in ogni fase del tuo percorso come rivenditore IPTV. Il nostro team dedicato \u00e8 pronto a rispondere alle tue domande e a offrirti assistenza per garantire il successo del tuo business.<\/p>\n<p>Affidabilit\u00e0 e stabilit\u00e0: Il nostro <strong>servizio di pannello IPTV<\/strong> \u00e8 altamente affidabile e stabile. I tuoi clienti godranno di un\u2019esperienza di visione fluida e senza interruzioni, che li terr\u00e0 soddisfatti e fedeli al tuo servizio.<\/p>\n<p>Unisciti a noi come rivenditore IPTV e sfrutta l\u2019enorme potenziale di questo mercato in crescita. Con il nostro pannello IPTV di alta qualit\u00e0, puoi offrire un\u2019esperienza di intrattenimento premium ai tuoi clienti e creare una fonte di reddito stabile e redditizia per te stesso. Contattaci ora per ulteriori informazioni e inizia a guadagnare come rivenditore IPTV con noi.[\/vc_column_text][vc_empty_space height=&#8221;1.75em&#8221; alter_height=&#8221;none&#8221; hide_on_desktop=&#8221;&#8221; hide_on_notebook=&#8221;&#8221; hide_on_tablet=&#8221;1&#8243; hide_on_mobile=&#8221;1&#8243;][vc_empty_space height=&#8221;1.75em&#8221; alter_height=&#8221;none&#8221; hide_on_desktop=&#8221;&#8221; hide_on_notebook=&#8221;&#8221; hide_on_tablet=&#8221;1&#8243; hide_on_mobile=&#8221;1&#8243;][vc_empty_space height=&#8221;1.75em&#8221; alter_height=&#8221;none&#8221; hide_on_desktop=&#8221;&#8221; hide_on_notebook=&#8221;&#8221; hide_on_tablet=&#8221;1&#8243; hide_on_mobile=&#8221;1&#8243;][vc_empty_space height=&#8221;1.75em&#8221; alter_height=&#8221;none&#8221; hide_on_desktop=&#8221;&#8221; hide_on_notebook=&#8221;&#8221; hide_on_tablet=&#8221;1&#8243; hide_on_mobile=&#8221;1&#8243;][vc_empty_space height=&#8221;1.75em&#8221; alter_height=&#8221;none&#8221; hide_on_desktop=&#8221;&#8221; hide_on_notebook=&#8221;&#8221; hide_on_tablet=&#8221;1&#8243; hide_on_mobile=&#8221;1&#8243;][vc_empty_space height=&#8221;1.75em&#8221; alter_height=&#8221;none&#8221; hide_on_desktop=&#8221;&#8221; hide_on_notebook=&#8221;&#8221; hide_on_tablet=&#8221;1&#8243; hide_on_mobile=&#8221;1&#8243;][\/vc_column][\/vc_row][vc_row][vc_column width=&#8221;1\/2&#8243;][vc_tta_accordion c_align=&#8221;center&#8221; active_section=&#8221;1&#8243;][vc_tta_section title=&#8221;Qualit\u00e0 video eccezionale per un\u2019esperienza immersiva&#8221; tab_id=&#8221;1702569183195-9f483f48-be41&#8243;][vc_column_text]Nel <strong>Nuovo Pannello IPTV, <\/strong>la qualit\u00e0 video \u00e8 una priorit\u00e0 assoluta. Godetevi un\u2019esperienza visiva eccezionale con dettagli nitidi, colori vivaci e una risoluzione ottimale. Che siate appassionati di film d\u2019azione, serie TV o eventi sportivi, ogni immagine sar\u00e0 resa con una chiarezza sorprendente. E con l\u2019audio cristallino, sarete immersi completamente nell\u2019esperienza, come se foste al cinema o allo stadio.[\/vc_column_text][\/vc_tta_section][vc_tta_section title=&#8221;Funzionalit\u00e0 avanzate per personalizzare la tua esperienza&#8221; tab_id=&#8221;1702569183210-0684c5d4-9554&#8243;][vc_column_text]Il<strong> Nuovo Pannello IPTV<\/strong> offre funzionalit\u00e0 avanzate per personalizzare completamente la tua esperienza di intrattenimento. Crea liste dei preferiti per accedere rapidamente ai tuoi canali preferiti, ricevi suggerimenti personalizzati in base ai tuoi interessi e guarda i programmi che ami quando vuoi con la funzione di riproduzione on-demand. Con il Nuovo Pannello IPTV, l\u2019intrattenimento sar\u00e0 su misura per te.[\/vc_column_text][\/vc_tta_section][vc_tta_section title=&#8221;Supporto clienti dedicato per una tranquillit\u00e0 totale&#8221; tab_id=&#8221;1702569366863-eb864d7d-e743&#8243;][vc_column_text]Sappiamo quanto sia importante un buon supporto clienti. Con il Nuovo Pannello IPTV, avrai a disposizione un team dedicato, pronto ad assisterti in ogni momento. Siamo qui per rispondere alle tue domande,risolvere eventuali problemi e garantirti un\u2019esperienza senza stress. Che tu abbia bisogno di aiuto con l\u2019installazione, la configurazione o semplicemente una domanda su una funzionalit\u00e0, il nostro team sar\u00e0 al tuo fianco.[\/vc_column_text][\/vc_tta_section][\/vc_tta_accordion][\/vc_column][vc_column width=&#8221;1\/2&#8243;][vc_empty_space hide_on_desktop=&#8221;&#8221; hide_on_notebook=&#8221;&#8221; hide_on_tablet=&#8221;&#8221; hide_on_mobile=&#8221;&#8221;][vc_empty_space hide_on_desktop=&#8221;&#8221; hide_on_notebook=&#8221;&#8221; hide_on_tablet=&#8221;&#8221; hide_on_mobile=&#8221;&#8221;][vc_empty_space hide_on_desktop=&#8221;&#8221; hide_on_notebook=&#8221;&#8221; hide_on_tablet=&#8221;&#8221; hide_on_mobile=&#8221;&#8221;][vc_single_image image=&#8221;3469&#8243; img_size=&#8221;full&#8221; alignment=&#8221;center&#8221;][\/vc_column][\/vc_row]<\/p>\n<\/div>","protected":false},"excerpt":{"rendered":"<p>[vc_row][vc_column width=&#8221;1\/6&#8243; offset=&#8221;vc_hidden-sm vc_hidden-xs&#8221;][\/vc_column][vc_column offset=&#8221;vc_col-lg-8 vc_col-md-8 vc_col-xs-12&#8243;][vc_empty_space height=&#8221;2.2em&#8221; alter_height=&#8221;none&#8221; hide_on_desktop=&#8221;&#8221; hide_on_notebook=&#8221;&#8221; hide_on_tablet=&#8221;&#8221; hide_on_mobile=&#8221;&#8221;][\/vc_column][vc_column width=&#8221;1\/6&#8243; offset=&#8221;vc_hidden-sm&hellip;<\/p>\n","protected":false},"author":1,"featured_media":0,"parent":0,"menu_order":0,"comment_status":"closed","ping_status":"closed","template":"","meta":{"footnotes":""},"class_list":["post-3515","page","type-page","status-publish","hentry"],"yoast_head":"<!-- This site is optimized with the Yoast SEO plugin v22.9 - https:\/\/yoast.com\/wordpress\/plugins\/seo\/ -->\n<title>Pannelli IPTV + VOD Copy - Playsat<\/title>\n<meta name=\"robots\" content=\"index, follow, max-snippet:-1, max-image-preview:large, max-video-preview:-1\" \/>\n<link rel=\"canonical\" href=\"https:\/\/myplaysat.biz\/index.php\/nuovo-pannello-iptv-copy\/\" \/>\n<meta property=\"og:locale\" content=\"en_US\" \/>\n<meta property=\"og:type\" content=\"article\" \/>\n<meta property=\"og:title\" content=\"Pannelli IPTV + VOD Copy - Playsat\" \/>\n<meta property=\"og:description\" content=\"[vc_row][vc_column width=&#8221;1\/6&#8243; offset=&#8221;vc_hidden-sm vc_hidden-xs&#8221;][\/vc_column][vc_column offset=&#8221;vc_col-lg-8 vc_col-md-8 vc_col-xs-12&#8243;][vc_empty_space height=&#8221;2.2em&#8221; alter_height=&#8221;none&#8221; hide_on_desktop=&#8221;&#8221; hide_on_notebook=&#8221;&#8221; hide_on_tablet=&#8221;&#8221; hide_on_mobile=&#8221;&#8221;][\/vc_column][vc_column width=&#8221;1\/6&#8243; offset=&#8221;vc_hidden-sm&hellip;\" \/>\n<meta property=\"og:url\" content=\"https:\/\/myplaysat.biz\/index.php\/nuovo-pannello-iptv-copy\/\" \/>\n<meta property=\"og:site_name\" content=\"Playsat\" \/>\n<meta name=\"twitter:card\" content=\"summary_large_image\" \/>\n<meta name=\"twitter:label1\" content=\"Est. reading time\" \/>\n\t<meta name=\"twitter:data1\" content=\"9 minutes\" \/>\n<script type=\"application\/ld+json\" class=\"yoast-schema-graph\">{\"@context\":\"https:\/\/schema.org\",\"@graph\":[{\"@type\":\"WebPage\",\"@id\":\"https:\/\/myplaysat.biz\/index.php\/nuovo-pannello-iptv-copy\/\",\"url\":\"https:\/\/myplaysat.biz\/index.php\/nuovo-pannello-iptv-copy\/\",\"name\":\"Pannelli IPTV + VOD Copy - Playsat\",\"isPartOf\":{\"@id\":\"https:\/\/myplaysat.biz\/#website\"},\"datePublished\":\"2023-12-16T16:58:30+00:00\",\"dateModified\":\"2023-12-16T16:58:30+00:00\",\"breadcrumb\":{\"@id\":\"https:\/\/myplaysat.biz\/index.php\/nuovo-pannello-iptv-copy\/#breadcrumb\"},\"inLanguage\":\"en-US\",\"potentialAction\":[{\"@type\":\"ReadAction\",\"target\":[\"https:\/\/myplaysat.biz\/index.php\/nuovo-pannello-iptv-copy\/\"]}]},{\"@type\":\"BreadcrumbList\",\"@id\":\"https:\/\/myplaysat.biz\/index.php\/nuovo-pannello-iptv-copy\/#breadcrumb\",\"itemListElement\":[{\"@type\":\"ListItem\",\"position\":1,\"name\":\"Home\",\"item\":\"https:\/\/myplaysat.biz\/\"},{\"@type\":\"ListItem\",\"position\":2,\"name\":\"Pannelli IPTV + VOD Copy\"}]},{\"@type\":\"WebSite\",\"@id\":\"https:\/\/myplaysat.biz\/#website\",\"url\":\"https:\/\/myplaysat.biz\/\",\"name\":\"Playsat\",\"description\":\"IPTV \",\"publisher\":{\"@id\":\"https:\/\/myplaysat.biz\/#organization\"},\"potentialAction\":[{\"@type\":\"SearchAction\",\"target\":{\"@type\":\"EntryPoint\",\"urlTemplate\":\"https:\/\/myplaysat.biz\/?s={search_term_string}\"},\"query-input\":\"required name=search_term_string\"}],\"inLanguage\":\"en-US\"},{\"@type\":\"Organization\",\"@id\":\"https:\/\/myplaysat.biz\/#organization\",\"name\":\"Playsat\",\"url\":\"https:\/\/myplaysat.biz\/\",\"logo\":{\"@type\":\"ImageObject\",\"inLanguage\":\"en-US\",\"@id\":\"https:\/\/myplaysat.biz\/#\/schema\/logo\/image\/\",\"url\":\"https:\/\/myplaysat.biz\/wp-content\/uploads\/2023\/11\/cropped-logo.png\",\"contentUrl\":\"https:\/\/myplaysat.biz\/wp-content\/uploads\/2023\/11\/cropped-logo.png\",\"width\":588,\"height\":141,\"caption\":\"Playsat\"},\"image\":{\"@id\":\"https:\/\/myplaysat.biz\/#\/schema\/logo\/image\/\"}}]}<\/script>\n<!-- \/ Yoast SEO plugin. -->","yoast_head_json":{"title":"Pannelli IPTV + VOD Copy - Playsat","robots":{"index":"index","follow":"follow","max-snippet":"max-snippet:-1","max-image-preview":"max-image-preview:large","max-video-preview":"max-video-preview:-1"},"canonical":"https:\/\/myplaysat.biz\/index.php\/nuovo-pannello-iptv-copy\/","og_locale":"en_US","og_type":"article","og_title":"Pannelli IPTV + VOD Copy - Playsat","og_description":"[vc_row][vc_column width=&#8221;1\/6&#8243; offset=&#8221;vc_hidden-sm vc_hidden-xs&#8221;][\/vc_column][vc_column offset=&#8221;vc_col-lg-8 vc_col-md-8 vc_col-xs-12&#8243;][vc_empty_space height=&#8221;2.2em&#8221; alter_height=&#8221;none&#8221; hide_on_desktop=&#8221;&#8221; hide_on_notebook=&#8221;&#8221; hide_on_tablet=&#8221;&#8221; hide_on_mobile=&#8221;&#8221;][\/vc_column][vc_column width=&#8221;1\/6&#8243; offset=&#8221;vc_hidden-sm&hellip;","og_url":"https:\/\/myplaysat.biz\/index.php\/nuovo-pannello-iptv-copy\/","og_site_name":"Playsat","twitter_card":"summary_large_image","twitter_misc":{"Est. reading time":"9 minutes"},"schema":{"@context":"https:\/\/schema.org","@graph":[{"@type":"WebPage","@id":"https:\/\/myplaysat.biz\/index.php\/nuovo-pannello-iptv-copy\/","url":"https:\/\/myplaysat.biz\/index.php\/nuovo-pannello-iptv-copy\/","name":"Pannelli IPTV + VOD Copy - Playsat","isPartOf":{"@id":"https:\/\/myplaysat.biz\/#website"},"datePublished":"2023-12-16T16:58:30+00:00","dateModified":"2023-12-16T16:58:30+00:00","breadcrumb":{"@id":"https:\/\/myplaysat.biz\/index.php\/nuovo-pannello-iptv-copy\/#breadcrumb"},"inLanguage":"en-US","potentialAction":[{"@type":"ReadAction","target":["https:\/\/myplaysat.biz\/index.php\/nuovo-pannello-iptv-copy\/"]}]},{"@type":"BreadcrumbList","@id":"https:\/\/myplaysat.biz\/index.php\/nuovo-pannello-iptv-copy\/#breadcrumb","itemListElement":[{"@type":"ListItem","position":1,"name":"Home","item":"https:\/\/myplaysat.biz\/"},{"@type":"ListItem","position":2,"name":"Pannelli IPTV + VOD Copy"}]},{"@type":"WebSite","@id":"https:\/\/myplaysat.biz\/#website","url":"https:\/\/myplaysat.biz\/","name":"Playsat","description":"IPTV ","publisher":{"@id":"https:\/\/myplaysat.biz\/#organization"},"potentialAction":[{"@type":"SearchAction","target":{"@type":"EntryPoint","urlTemplate":"https:\/\/myplaysat.biz\/?s={search_term_string}"},"query-input":"required name=search_term_string"}],"inLanguage":"en-US"},{"@type":"Organization","@id":"https:\/\/myplaysat.biz\/#organization","name":"Playsat","url":"https:\/\/myplaysat.biz\/","logo":{"@type":"ImageObject","inLanguage":"en-US","@id":"https:\/\/myplaysat.biz\/#\/schema\/logo\/image\/","url":"https:\/\/myplaysat.biz\/wp-content\/uploads\/2023\/11\/cropped-logo.png","contentUrl":"https:\/\/myplaysat.biz\/wp-content\/uploads\/2023\/11\/cropped-logo.png","width":588,"height":141,"caption":"Playsat"},"image":{"@id":"https:\/\/myplaysat.biz\/#\/schema\/logo\/image\/"}}]}},"_links":{"self":[{"href":"https:\/\/myplaysat.biz\/index.php\/wp-json\/wp\/v2\/pages\/3515","targetHints":{"allow":["GET"]}}],"collection":[{"href":"https:\/\/myplaysat.biz\/index.php\/wp-json\/wp\/v2\/pages"}],"about":[{"href":"https:\/\/myplaysat.biz\/index.php\/wp-json\/wp\/v2\/types\/page"}],"author":[{"embeddable":true,"href":"https:\/\/myplaysat.biz\/index.php\/wp-json\/wp\/v2\/users\/1"}],"replies":[{"embeddable":true,"href":"https:\/\/myplaysat.biz\/index.php\/wp-json\/wp\/v2\/comments?post=3515"}],"version-history":[{"count":0,"href":"https:\/\/myplaysat.biz\/index.php\/wp-json\/wp\/v2\/pages\/3515\/revisions"}],"wp:attachment":[{"href":"https:\/\/myplaysat.biz\/index.php\/wp-json\/wp\/v2\/media?parent=3515"}],"curies":[{"name":"wp","href":"https:\/\/api.w.org\/{rel}","templated":true}]}}